{"id":221,"date":"2018-09-30T11:04:32","date_gmt":"2018-09-30T11:04:32","guid":{"rendered":"http:\/\/thomas-bauer-kfz.de\/?page_id=221"},"modified":"2023-01-11T06:22:03","modified_gmt":"2023-01-11T06:22:03","slug":"startseite","status":"publish","type":"page","link":"http:\/\/thomas-bauer-kfz.de\/","title":{"rendered":"Home"},"content":{"rendered":"<p>KFZ Meisterbetrieb<\/p>\n<p><!-- .container --><br \/>\n<!-- .overlay --><\/p>\n<p>Unser Service<\/p>\n<p>Wartungsarbeiten<br \/>\nReparaturen<br \/>\nHU &amp; AU<br \/>\nReifen &amp; Felgen<br \/>\nSonderumbauten<br \/>\nKlimaanlagen Service<br \/>\nErsatzteile &amp; Zubeh\u00f6r<\/p>\n<p><!-- .container --><br \/>\n<!-- .overlay --><\/p>\n<p><strong>\u00d6ffnungszeiten<\/strong><br \/>\n<strong>Wir sind f\u00fcr Sie da<\/strong><br \/>\nMontag \u2013 Donnerstag !<br \/>\n08:00 \u2013 12.00 &amp; 13:00 \u2013 17:00<\/p>\n<p><strong>Freitags:<\/strong> Auf Anfrage \/ Termine nach telefonischer Vereinbarung !!<\/p>\n<p>Kontakt<br \/>\nTel: 07021 48 59 54<br \/>\nFax: 07021 48 22 91 2<\/p>\n<p><!-- .container --><br \/>\n<!-- .overlay --><\/p>\n<p>Sonstiges<br \/>\nWir haben Geschlossen:<br \/>\nAm \u2026\u2026..<\/p>\n<p><!-- .container --><br \/>\n<!-- .overlay --><\/p>\n<p>Unsere Angebote \/\/ <strong>Infos ab 09.01.2023<\/strong><br \/>\nFolgen in K\u00fcrze \/\/\/\u00a0 <strong>Achtung : Termine Freitags nur noch nach telefonischer Vereinbarung !!<\/strong><\/p>\n<p><!-- .container --><br \/>\n<!-- .overlay --><\/p>\n","protected":false},"excerpt":{"rendered":"<p class=\"excerpt\">KFZ Meisterbetrieb Unser Service Wartungsarbeiten Reparaturen HU &amp; AU Reifen &amp; Felgen Sonderumbauten Klimaanlagen Service Ersatzteile &amp; Zubeh\u00f6r \u00d6ffnungszeiten Wir sind f\u00fcr Sie da Montag \u2013 Donnerstag ! 08:00 \u2013 12.00 &amp; 13:00 \u2013 17:00 Freitags: Auf Anfrage \/ Termine nach telefonischer Vereinbarung !! Kontakt Tel: 07021 48 59 54 Fax: 07021 48 22 91 [&hellip;]<\/p>\n","protected":false},"author":1,"featured_media":208,"parent":0,"menu_order":0,"comment_status":"closed","ping_status":"closed","template":"builder.php","meta":[],"_links":{"self":[{"href":"http:\/\/thomas-bauer-kfz.de\/index.php?rest_route=\/wp\/v2\/pages\/221"}],"collection":[{"href":"http:\/\/thomas-bauer-kfz.de\/index.php?rest_route=\/wp\/v2\/pages"}],"about":[{"href":"http:\/\/thomas-bauer-kfz.de\/index.php?rest_route=\/wp\/v2\/types\/page"}],"author":[{"embeddable":true,"href":"http:\/\/thomas-bauer-kfz.de\/index.php?rest_route=\/wp\/v2\/users\/1"}],"replies":[{"embeddable":true,"href":"http:\/\/thomas-bauer-kfz.de\/index.php?rest_route=%2Fwp%2Fv2%2Fcomments&post=221"}],"version-history":[{"count":129,"href":"http:\/\/thomas-bauer-kfz.de\/index.php?rest_route=\/wp\/v2\/pages\/221\/revisions"}],"predecessor-version":[{"id":598,"href":"http:\/\/thomas-bauer-kfz.de\/index.php?rest_route=\/wp\/v2\/pages\/221\/revisions\/598"}],"wp:featuredmedia":[{"embeddable":true,"href":"http:\/\/thomas-bauer-kfz.de\/index.php?rest_route=\/wp\/v2\/media\/208"}],"wp:attachment":[{"href":"http:\/\/thomas-bauer-kfz.de\/index.php?rest_route=%2Fwp%2Fv2%2Fmedia&parent=221"}],"curies":[{"name":"wp","href":"https:\/\/api.w.org\/{rel}","templated":true}]}}